{"id":92,"date":"2021-07-22T15:16:10","date_gmt":"2021-07-22T13:16:10","guid":{"rendered":"http:\/\/lisiebagno.pl\/?page_id=92"},"modified":"2025-02-11T15:12:31","modified_gmt":"2025-02-11T14:12:31","slug":"informacje","status":"publish","type":"page","link":"http:\/\/lisiebagno.pl\/","title":{"rendered":"O nas"},"content":{"rendered":"\n<div class=\"wp-block-cover is-light\"><span aria-hidden=\"true\" class=\"wp-block-cover__background has-background-dim\"><\/span><img loading=\"lazy\" decoding=\"async\" width=\"250\" height=\"250\" class=\"wp-block-cover__image-background wp-image-414\" alt=\"\" src=\"http:\/\/lisiebagno.pl\/wp-content\/uploads\/2021\/09\/LOGO-BAGNO.png\" data-object-fit=\"cover\" srcset=\"http:\/\/lisiebagno.pl\/wp-content\/uploads\/2021\/09\/LOGO-BAGNO.png 250w, http:\/\/lisiebagno.pl\/wp-content\/uploads\/2021\/09\/LOGO-BAGNO-150x150.png 150w, http:\/\/lisiebagno.pl\/wp-content\/uploads\/2021\/09\/LOGO-BAGNO-100x100.png 100w\" sizes=\"auto, (max-width: 250px) 100vw, 250px\" \/><div class=\"wp-block-cover__inner-container is-layout-flow wp-block-cover-is-layout-flow\">\n<p class=\"has-text-align-center has-white-color has-text-color has-large-font-size\"><strong>ZACZYNAMY NOWY SEZON <\/strong><\/p>\n\n\n\n<p class=\"has-white-color has-text-color\"><\/p>\n\n\n\n<p class=\"has-text-align-center has-white-color has-text-color has-large-font-size\"><strong>OD   01.04.2025<\/strong><\/p>\n\n\n\n<p class=\"has-text-align-center has-white-color has-text-color has-large-font-size\">ZAPRASZAMY <\/p>\n\n\n\n<p><\/p>\n<\/div><\/div>\n\n\n\n<p><\/p>\n\n\n\n<p class=\"has-medium-font-size\"><strong>Chcesz by\u0107 blisko natury? <\/strong><\/p>\n\n\n\n<p class=\"has-medium-font-size\"><strong>Z dala od zgie\u0142ku miasta<\/strong><\/p>\n\n\n\n<p class=\"has-medium-font-size\"><strong>Potrzebujesz ciszy, spokoju, relaksu dla duszy i cia\u0142a ?<\/strong><\/p>\n\n\n\n<p><\/p>\n\n\n\n<p class=\"has-medium-font-size\"><strong>To dobrze trafi\u0142e\u015b<\/strong>. <\/p>\n\n\n\n<p class=\"has-medium-font-size\"><strong>U nas znajdziesz wszystko czego potrzebujesz aby wypocz\u0105\u0107.<\/strong><\/p>\n\n\n\n<p>Mamy dla Ciebie trzy nowe, komfortowo wyposa\u017cone, o\u015bmioosobowe, drewniane domki letniskowe w przepi\u0119knej cichej okolicy las\u00f3w jezior i rzek. Ka\u017cdy domek z klimatyzacja, pomp\u0105 ciep\u0142a, w pe\u0142ni wyposa\u017con\u0105 kuchni\u0105, przestronn\u0105 \u0142azienka, du\u017cym tarasem oraz balkonem. Na terenie atrakcje dla dzieci (np. trampolina ) i doros\u0142ych (np. boisko do siatk\u00f3wki). Domki po\u0142o\u017cone w \u015brodku lasu, pomi\u0119dzy zbiornikiem wodnym a rzek\u0105. Czyste powietrze, cisza, spok\u00f3j, relaks, mo\u017cliwo\u015b\u0107 w\u0119dkowania, raj dla grzybiarzy, mi\u0142o\u015bnik\u00f3w przyrody i spokoju. Jednocze\u015bnie znajdujemy si\u0119 blisko cywilizacji -na trasie z Warszawy do Gda\u0144ska, 10 km od Ostr\u00f3dy, 3 km od Mi\u0142om\u0142yna.<\/p>\n\n\n\n<p><\/p>\n\n\n\n<p class=\"has-text-align-right\"><strong>ZR\u00d3B SOBIE WAKACJE JU\u017b DZI\u015a <\/strong><\/p>\n\n\n\n<p>                                                                                                                                            <strong> ZAS\u0141U\u017bY\u0141E\u015a<\/strong><\/p>\n\n\n\n<!--more-->\n\n\n\n<p><\/p>\n","protected":false},"excerpt":{"rendered":"<p>Chcesz by\u0107 blisko natury? Z dala od zgie\u0142ku miasta Potrzebujesz ciszy, spokoju, relaksu dla duszy i cia\u0142a ? To dobrze trafi\u0142e\u015b. U nas znajdziesz wszystko czego potrzebujesz aby wypocz\u0105\u0107. Mamy dla Ciebie trzy nowe, komfortowo wyposa\u017cone, o\u015bmioosobowe, drewniane domki letniskowe w przepi\u0119knej cichej okolicy las\u00f3w jezior i rzek. Ka\u017cdy domek z klimatyzacja, pomp\u0105 ciep\u0142a, w &hellip; <\/p>\n<p class=\"link-more\"><a href=\"http:\/\/lisiebagno.pl\/\" class=\"more-link\">Czytaj dalej<span class=\"screen-reader-text\"> \u201eO nas\u201d<\/span><\/a><\/p>\n","protected":false},"author":1,"featured_media":159,"parent":0,"menu_order":0,"comment_status":"closed","ping_status":"closed","template":"","meta":{"footnotes":""},"class_list":["post-92","page","type-page","status-publish","has-post-thumbnail","hentry"],"yoast_head":"<!-- This site is optimized with the Yoast SEO plugin v21.9.1 - https:\/\/yoast.com\/wordpress\/plugins\/seo\/ -->\n<title>O nas - DOMKI LETNISKOWE<\/title>\n<meta name=\"robots\" content=\"index, follow, max-snippet:-1, max-image-preview:large, max-video-preview:-1\" \/>\n<link rel=\"canonical\" href=\"http:\/\/lisiebagno.pl\/\" \/>\n<meta property=\"og:locale\" content=\"pl_PL\" \/>\n<meta property=\"og:type\" content=\"article\" \/>\n<meta property=\"og:title\" content=\"O nas - DOMKI LETNISKOWE\" \/>\n<meta property=\"og:description\" content=\"Chcesz by\u0107 blisko natury? Z dala od zgie\u0142ku miasta Potrzebujesz ciszy, spokoju, relaksu dla duszy i cia\u0142a ? To dobrze trafi\u0142e\u015b. U nas znajdziesz wszystko czego potrzebujesz aby wypocz\u0105\u0107. Mamy dla Ciebie trzy nowe, komfortowo wyposa\u017cone, o\u015bmioosobowe, drewniane domki letniskowe w przepi\u0119knej cichej okolicy las\u00f3w jezior i rzek. Ka\u017cdy domek z klimatyzacja, pomp\u0105 ciep\u0142a, w &hellip; Czytaj dalej \u201eO nas\u201d\" \/>\n<meta property=\"og:url\" content=\"http:\/\/lisiebagno.pl\/\" \/>\n<meta property=\"og:site_name\" content=\"DOMKI LETNISKOWE\" \/>\n<meta property=\"article:modified_time\" content=\"2025-02-11T14:12:31+00:00\" \/>\n<meta property=\"og:image\" content=\"http:\/\/lisiebagno.pl\/wp-content\/uploads\/2021\/07\/VR0Dliskorekt-2.gif\" \/>\n\t<meta property=\"og:image:width\" content=\"525\" \/>\n\t<meta property=\"og:image:height\" content=\"349\" \/>\n\t<meta property=\"og:image:type\" content=\"image\/gif\" \/>\n<meta name=\"twitter:card\" content=\"summary_large_image\" \/>\n<meta name=\"twitter:label1\" content=\"Szacowany czas czytania\" \/>\n\t<meta name=\"twitter:data1\" content=\"2 minuty\" \/>\n<script type=\"application\/ld+json\" class=\"yoast-schema-graph\">{\"@context\":\"https:\/\/schema.org\",\"@graph\":[{\"@type\":\"WebPage\",\"@id\":\"http:\/\/lisiebagno.pl\/\",\"url\":\"http:\/\/lisiebagno.pl\/\",\"name\":\"O nas - DOMKI LETNISKOWE\",\"isPartOf\":{\"@id\":\"http:\/\/lisiebagno.pl\/#website\"},\"datePublished\":\"2021-07-22T13:16:10+00:00\",\"dateModified\":\"2025-02-11T14:12:31+00:00\",\"breadcrumb\":{\"@id\":\"http:\/\/lisiebagno.pl\/#breadcrumb\"},\"inLanguage\":\"pl-PL\",\"potentialAction\":[{\"@type\":\"ReadAction\",\"target\":[\"http:\/\/lisiebagno.pl\/\"]}]},{\"@type\":\"BreadcrumbList\",\"@id\":\"http:\/\/lisiebagno.pl\/#breadcrumb\",\"itemListElement\":[{\"@type\":\"ListItem\",\"position\":1,\"name\":\"Home\",\"item\":\"http:\/\/lisiebagno.pl\/\"},{\"@type\":\"ListItem\",\"position\":2,\"name\":\"O nas\"}]},{\"@type\":\"WebSite\",\"@id\":\"http:\/\/lisiebagno.pl\/#website\",\"url\":\"http:\/\/lisiebagno.pl\/\",\"name\":\"DOMKI LETNISKOWE\",\"description\":\",,Cz\u0142owiek, kt\u00f3ry potrafi rozmawia\u0107 z drzewem , nie potrzebuje psychiatry&quot; TEL : 604 754 189\",\"publisher\":{\"@id\":\"http:\/\/lisiebagno.pl\/#organization\"},\"potentialAction\":[{\"@type\":\"SearchAction\",\"target\":{\"@type\":\"EntryPoint\",\"urlTemplate\":\"http:\/\/lisiebagno.pl\/?s={search_term_string}\"},\"query-input\":\"required name=search_term_string\"}],\"inLanguage\":\"pl-PL\"},{\"@type\":\"Organization\",\"@id\":\"http:\/\/lisiebagno.pl\/#organization\",\"name\":\"DOMKI LETNISKOWE\",\"url\":\"http:\/\/lisiebagno.pl\/\",\"logo\":{\"@type\":\"ImageObject\",\"inLanguage\":\"pl-PL\",\"@id\":\"http:\/\/lisiebagno.pl\/#\/schema\/logo\/image\/\",\"url\":\"http:\/\/lisiebagno.pl\/wp-content\/uploads\/2021\/07\/cropped-LOGO-BAGNO.png\",\"contentUrl\":\"http:\/\/lisiebagno.pl\/wp-content\/uploads\/2021\/07\/cropped-LOGO-BAGNO.png\",\"width\":250,\"height\":250,\"caption\":\"DOMKI LETNISKOWE\"},\"image\":{\"@id\":\"http:\/\/lisiebagno.pl\/#\/schema\/logo\/image\/\"}}]}<\/script>\n<!-- \/ Yoast SEO plugin. -->","yoast_head_json":{"title":"O nas - DOMKI LETNISKOWE","robots":{"index":"index","follow":"follow","max-snippet":"max-snippet:-1","max-image-preview":"max-image-preview:large","max-video-preview":"max-video-preview:-1"},"canonical":"http:\/\/lisiebagno.pl\/","og_locale":"pl_PL","og_type":"article","og_title":"O nas - DOMKI LETNISKOWE","og_description":"Chcesz by\u0107 blisko natury? Z dala od zgie\u0142ku miasta Potrzebujesz ciszy, spokoju, relaksu dla duszy i cia\u0142a ? To dobrze trafi\u0142e\u015b. U nas znajdziesz wszystko czego potrzebujesz aby wypocz\u0105\u0107. Mamy dla Ciebie trzy nowe, komfortowo wyposa\u017cone, o\u015bmioosobowe, drewniane domki letniskowe w przepi\u0119knej cichej okolicy las\u00f3w jezior i rzek. Ka\u017cdy domek z klimatyzacja, pomp\u0105 ciep\u0142a, w &hellip; Czytaj dalej \u201eO nas\u201d","og_url":"http:\/\/lisiebagno.pl\/","og_site_name":"DOMKI LETNISKOWE","article_modified_time":"2025-02-11T14:12:31+00:00","og_image":[{"url":"http:\/\/lisiebagno.pl\/wp-content\/uploads\/2021\/07\/VR0Dliskorekt-2.gif","width":525,"height":349,"type":"image\/gif"}],"twitter_card":"summary_large_image","twitter_misc":{"Szacowany czas czytania":"2 minuty"},"schema":{"@context":"https:\/\/schema.org","@graph":[{"@type":"WebPage","@id":"http:\/\/lisiebagno.pl\/","url":"http:\/\/lisiebagno.pl\/","name":"O nas - DOMKI LETNISKOWE","isPartOf":{"@id":"http:\/\/lisiebagno.pl\/#website"},"datePublished":"2021-07-22T13:16:10+00:00","dateModified":"2025-02-11T14:12:31+00:00","breadcrumb":{"@id":"http:\/\/lisiebagno.pl\/#breadcrumb"},"inLanguage":"pl-PL","potentialAction":[{"@type":"ReadAction","target":["http:\/\/lisiebagno.pl\/"]}]},{"@type":"BreadcrumbList","@id":"http:\/\/lisiebagno.pl\/#breadcrumb","itemListElement":[{"@type":"ListItem","position":1,"name":"Home","item":"http:\/\/lisiebagno.pl\/"},{"@type":"ListItem","position":2,"name":"O nas"}]},{"@type":"WebSite","@id":"http:\/\/lisiebagno.pl\/#website","url":"http:\/\/lisiebagno.pl\/","name":"DOMKI LETNISKOWE","description":",,Cz\u0142owiek, kt\u00f3ry potrafi rozmawia\u0107 z drzewem , nie potrzebuje psychiatry&quot; TEL : 604 754 189","publisher":{"@id":"http:\/\/lisiebagno.pl\/#organization"},"potentialAction":[{"@type":"SearchAction","target":{"@type":"EntryPoint","urlTemplate":"http:\/\/lisiebagno.pl\/?s={search_term_string}"},"query-input":"required name=search_term_string"}],"inLanguage":"pl-PL"},{"@type":"Organization","@id":"http:\/\/lisiebagno.pl\/#organization","name":"DOMKI LETNISKOWE","url":"http:\/\/lisiebagno.pl\/","logo":{"@type":"ImageObject","inLanguage":"pl-PL","@id":"http:\/\/lisiebagno.pl\/#\/schema\/logo\/image\/","url":"http:\/\/lisiebagno.pl\/wp-content\/uploads\/2021\/07\/cropped-LOGO-BAGNO.png","contentUrl":"http:\/\/lisiebagno.pl\/wp-content\/uploads\/2021\/07\/cropped-LOGO-BAGNO.png","width":250,"height":250,"caption":"DOMKI LETNISKOWE"},"image":{"@id":"http:\/\/lisiebagno.pl\/#\/schema\/logo\/image\/"}}]}},"_links":{"self":[{"href":"http:\/\/lisiebagno.pl\/index.php?rest_route=\/wp\/v2\/pages\/92","targetHints":{"allow":["GET"]}}],"collection":[{"href":"http:\/\/lisiebagno.pl\/index.php?rest_route=\/wp\/v2\/pages"}],"about":[{"href":"http:\/\/lisiebagno.pl\/index.php?rest_route=\/wp\/v2\/types\/page"}],"author":[{"embeddable":true,"href":"http:\/\/lisiebagno.pl\/index.php?rest_route=\/wp\/v2\/users\/1"}],"replies":[{"embeddable":true,"href":"http:\/\/lisiebagno.pl\/index.php?rest_route=%2Fwp%2Fv2%2Fcomments&post=92"}],"version-history":[{"count":17,"href":"http:\/\/lisiebagno.pl\/index.php?rest_route=\/wp\/v2\/pages\/92\/revisions"}],"predecessor-version":[{"id":455,"href":"http:\/\/lisiebagno.pl\/index.php?rest_route=\/wp\/v2\/pages\/92\/revisions\/455"}],"wp:featuredmedia":[{"embeddable":true,"href":"http:\/\/lisiebagno.pl\/index.php?rest_route=\/wp\/v2\/media\/159"}],"wp:attachment":[{"href":"http:\/\/lisiebagno.pl\/index.php?rest_route=%2Fwp%2Fv2%2Fmedia&parent=92"}],"curies":[{"name":"wp","href":"https:\/\/api.w.org\/{rel}","templated":true}]}}