{"id":94,"date":"2021-07-22T15:16:11","date_gmt":"2021-07-22T13:16:11","guid":{"rendered":"http:\/\/lisiebagno.pl\/?page_id=94"},"modified":"2022-01-31T18:27:52","modified_gmt":"2022-01-31T17:27:52","slug":"blog","status":"publish","type":"page","link":"http:\/\/lisiebagno.pl\/?page_id=94","title":{"rendered":"ATRAKCJE OKOLICY"},"content":{"rendered":"\n<p><strong>ATRAKCJE W OKOLICY<\/strong><\/p>\n\n\n\n<p><\/p>\n\n\n\n<p><\/p>\n\n\n\n<p>-Pla\u017ca miejska nad Jeziorem Ili\u0144sk 3 km<\/p>\n\n\n\n<p>-T\u0119\u017cnia solankowa Milom\u0142yn 3 km<br>-Pla\u017ca miejska nad Jeziorem Drw\u0119ckim 8 km<br>-Szlaki rowerowe (czerwony, \u017c\u00f3\u0142ty, czarny oraz Kana\u0142u Elbl\u0105skiego)<br>-Kana\u0142 Ostr\u00f3dzko-Elbl\u0105ski- 4km<br>-\u015aluza komorowa w Mi\u0142om\u0142ynie -5km<br>-Ko\u015bci\u00f3\u0142 \u015bw. Bart\u0142omieja w Mi\u0142om\u0142ynie- 4km<br>-Rezerwat ornitologiczny ,,Jezioro I\u0142gi,, &#8211; 14km<br>-Le\u015bny Park Uzdrowiskowy w Mi\u0142om\u0142ynie- 4,5km<br>-Fontanna Trzech Cesarzy w Ostr\u00f3dzie- 10km<br>-Stare Miasto Ostr\u00f3da-10km<br>-Wyci\u0105g nart wodnych(Wakeboard)w Ostr\u00f3dzie-10 km<br>-Amfiteatr w Ostr\u00f3dzie- 9km<br>-Molo w Ostr\u00f3dzie -9km<br>-\u017begluga Ostr\u00f3dzko-Elbl\u0105ska (rejsy statkiem)-10km<br>-Zamek Krzy\u017cacki w Ostr\u00f3dzie -9km<br>-Muzeum Miejskie w Ostr\u00f3dzie -9,7km<br>-Szlak pieszy Pi\u0142awki-Ostr\u00f3da -3km<br>-\u015aluza Zielona w Liwie &#8211; 9km<br>-\u015acie\u017cka Dydaktyczna w Rezerwacie Sosny Taborskiej- 14km<br>-Ekomarina Zalewo- 21km<br>-Zamek Mor\u0105g -33km<br>-Pochylnia Buczyniec -Statkiem po trawie-35k<\/p>\n","protected":false},"excerpt":{"rendered":"<p>ATRAKCJE W OKOLICY -Pla\u017ca miejska nad Jeziorem Ili\u0144sk 3 km -T\u0119\u017cnia solankowa Milom\u0142yn 3 km-Pla\u017ca miejska nad Jeziorem Drw\u0119ckim 8 km-Szlaki rowerowe (czerwony, \u017c\u00f3\u0142ty, czarny oraz Kana\u0142u Elbl\u0105skiego)-Kana\u0142 Ostr\u00f3dzko-Elbl\u0105ski- 4km-\u015aluza komorowa w Mi\u0142om\u0142ynie -5km-Ko\u015bci\u00f3\u0142 \u015bw. Bart\u0142omieja w Mi\u0142om\u0142ynie- 4km-Rezerwat ornitologiczny ,,Jezioro I\u0142gi,, &#8211; 14km-Le\u015bny Park Uzdrowiskowy w Mi\u0142om\u0142ynie- 4,5km-Fontanna Trzech Cesarzy w Ostr\u00f3dzie- 10km-Stare Miasto &hellip; <\/p>\n<p class=\"link-more\"><a href=\"http:\/\/lisiebagno.pl\/?page_id=94\" class=\"more-link\">Czytaj dalej<span class=\"screen-reader-text\"> \u201eATRAKCJE OKOLICY\u201d<\/span><\/a><\/p>\n","protected":false},"author":1,"featured_media":158,"parent":0,"menu_order":0,"comment_status":"closed","ping_status":"closed","template":"","meta":{"footnotes":""},"class_list":["post-94","page","type-page","status-publish","has-post-thumbnail","hentry"],"yoast_head":"<!-- This site is optimized with the Yoast SEO plugin v21.9.1 - https:\/\/yoast.com\/wordpress\/plugins\/seo\/ -->\n<title>ATRAKCJE OKOLICY - DOMKI LETNISKOWE<\/title>\n<meta name=\"robots\" content=\"index, follow, max-snippet:-1, max-image-preview:large, max-video-preview:-1\" \/>\n<link rel=\"canonical\" href=\"http:\/\/lisiebagno.pl\/?page_id=94\" \/>\n<meta property=\"og:locale\" content=\"pl_PL\" \/>\n<meta property=\"og:type\" content=\"article\" \/>\n<meta property=\"og:title\" content=\"ATRAKCJE OKOLICY - DOMKI LETNISKOWE\" \/>\n<meta property=\"og:description\" content=\"ATRAKCJE W OKOLICY -Pla\u017ca miejska nad Jeziorem Ili\u0144sk 3 km -T\u0119\u017cnia solankowa Milom\u0142yn 3 km-Pla\u017ca miejska nad Jeziorem Drw\u0119ckim 8 km-Szlaki rowerowe (czerwony, \u017c\u00f3\u0142ty, czarny oraz Kana\u0142u Elbl\u0105skiego)-Kana\u0142 Ostr\u00f3dzko-Elbl\u0105ski- 4km-\u015aluza komorowa w Mi\u0142om\u0142ynie -5km-Ko\u015bci\u00f3\u0142 \u015bw. Bart\u0142omieja w Mi\u0142om\u0142ynie- 4km-Rezerwat ornitologiczny ,,Jezioro I\u0142gi,, &#8211; 14km-Le\u015bny Park Uzdrowiskowy w Mi\u0142om\u0142ynie- 4,5km-Fontanna Trzech Cesarzy w Ostr\u00f3dzie- 10km-Stare Miasto &hellip; Czytaj dalej \u201eATRAKCJE OKOLICY\u201d\" \/>\n<meta property=\"og:url\" content=\"http:\/\/lisiebagno.pl\/?page_id=94\" \/>\n<meta property=\"og:site_name\" content=\"DOMKI LETNISKOWE\" \/>\n<meta property=\"article:modified_time\" content=\"2022-01-31T17:27:52+00:00\" \/>\n<meta property=\"og:image\" content=\"http:\/\/lisiebagno.pl\/wp-content\/uploads\/2021\/07\/217305320_806699256678841_9099912747486579614_n.jpg\" \/>\n\t<meta property=\"og:image:width\" content=\"1536\" \/>\n\t<meta property=\"og:image:height\" content=\"2048\" \/>\n\t<meta property=\"og:image:type\" content=\"image\/jpeg\" \/>\n<meta name=\"twitter:card\" content=\"summary_large_image\" \/>\n<meta name=\"twitter:label1\" content=\"Szacowany czas czytania\" \/>\n\t<meta name=\"twitter:data1\" content=\"1 minuta\" \/>\n<script type=\"application\/ld+json\" class=\"yoast-schema-graph\">{\"@context\":\"https:\/\/schema.org\",\"@graph\":[{\"@type\":\"WebPage\",\"@id\":\"http:\/\/lisiebagno.pl\/?page_id=94\",\"url\":\"http:\/\/lisiebagno.pl\/?page_id=94\",\"name\":\"ATRAKCJE OKOLICY - DOMKI LETNISKOWE\",\"isPartOf\":{\"@id\":\"http:\/\/lisiebagno.pl\/#website\"},\"datePublished\":\"2021-07-22T13:16:11+00:00\",\"dateModified\":\"2022-01-31T17:27:52+00:00\",\"breadcrumb\":{\"@id\":\"http:\/\/lisiebagno.pl\/?page_id=94#breadcrumb\"},\"inLanguage\":\"pl-PL\",\"potentialAction\":[{\"@type\":\"ReadAction\",\"target\":[\"http:\/\/lisiebagno.pl\/?page_id=94\"]}]},{\"@type\":\"BreadcrumbList\",\"@id\":\"http:\/\/lisiebagno.pl\/?page_id=94#breadcrumb\",\"itemListElement\":[{\"@type\":\"ListItem\",\"position\":1,\"name\":\"Home\",\"item\":\"http:\/\/lisiebagno.pl\/\"},{\"@type\":\"ListItem\",\"position\":2,\"name\":\"ATRAKCJE OKOLICY\"}]},{\"@type\":\"WebSite\",\"@id\":\"http:\/\/lisiebagno.pl\/#website\",\"url\":\"http:\/\/lisiebagno.pl\/\",\"name\":\"DOMKI LETNISKOWE\",\"description\":\",,Cz\u0142owiek, kt\u00f3ry potrafi rozmawia\u0107 z drzewem , nie potrzebuje psychiatry&quot; TEL : 604 754 189\",\"publisher\":{\"@id\":\"http:\/\/lisiebagno.pl\/#organization\"},\"potentialAction\":[{\"@type\":\"SearchAction\",\"target\":{\"@type\":\"EntryPoint\",\"urlTemplate\":\"http:\/\/lisiebagno.pl\/?s={search_term_string}\"},\"query-input\":\"required name=search_term_string\"}],\"inLanguage\":\"pl-PL\"},{\"@type\":\"Organization\",\"@id\":\"http:\/\/lisiebagno.pl\/#organization\",\"name\":\"DOMKI LETNISKOWE\",\"url\":\"http:\/\/lisiebagno.pl\/\",\"logo\":{\"@type\":\"ImageObject\",\"inLanguage\":\"pl-PL\",\"@id\":\"http:\/\/lisiebagno.pl\/#\/schema\/logo\/image\/\",\"url\":\"http:\/\/lisiebagno.pl\/wp-content\/uploads\/2021\/07\/cropped-LOGO-BAGNO.png\",\"contentUrl\":\"http:\/\/lisiebagno.pl\/wp-content\/uploads\/2021\/07\/cropped-LOGO-BAGNO.png\",\"width\":250,\"height\":250,\"caption\":\"DOMKI LETNISKOWE\"},\"image\":{\"@id\":\"http:\/\/lisiebagno.pl\/#\/schema\/logo\/image\/\"}}]}<\/script>\n<!-- \/ Yoast SEO plugin. -->","yoast_head_json":{"title":"ATRAKCJE OKOLICY - DOMKI LETNISKOWE","robots":{"index":"index","follow":"follow","max-snippet":"max-snippet:-1","max-image-preview":"max-image-preview:large","max-video-preview":"max-video-preview:-1"},"canonical":"http:\/\/lisiebagno.pl\/?page_id=94","og_locale":"pl_PL","og_type":"article","og_title":"ATRAKCJE OKOLICY - DOMKI LETNISKOWE","og_description":"ATRAKCJE W OKOLICY -Pla\u017ca miejska nad Jeziorem Ili\u0144sk 3 km -T\u0119\u017cnia solankowa Milom\u0142yn 3 km-Pla\u017ca miejska nad Jeziorem Drw\u0119ckim 8 km-Szlaki rowerowe (czerwony, \u017c\u00f3\u0142ty, czarny oraz Kana\u0142u Elbl\u0105skiego)-Kana\u0142 Ostr\u00f3dzko-Elbl\u0105ski- 4km-\u015aluza komorowa w Mi\u0142om\u0142ynie -5km-Ko\u015bci\u00f3\u0142 \u015bw. Bart\u0142omieja w Mi\u0142om\u0142ynie- 4km-Rezerwat ornitologiczny ,,Jezioro I\u0142gi,, &#8211; 14km-Le\u015bny Park Uzdrowiskowy w Mi\u0142om\u0142ynie- 4,5km-Fontanna Trzech Cesarzy w Ostr\u00f3dzie- 10km-Stare Miasto &hellip; Czytaj dalej \u201eATRAKCJE OKOLICY\u201d","og_url":"http:\/\/lisiebagno.pl\/?page_id=94","og_site_name":"DOMKI LETNISKOWE","article_modified_time":"2022-01-31T17:27:52+00:00","og_image":[{"width":1536,"height":2048,"url":"http:\/\/lisiebagno.pl\/wp-content\/uploads\/2021\/07\/217305320_806699256678841_9099912747486579614_n.jpg","type":"image\/jpeg"}],"twitter_card":"summary_large_image","twitter_misc":{"Szacowany czas czytania":"1 minuta"},"schema":{"@context":"https:\/\/schema.org","@graph":[{"@type":"WebPage","@id":"http:\/\/lisiebagno.pl\/?page_id=94","url":"http:\/\/lisiebagno.pl\/?page_id=94","name":"ATRAKCJE OKOLICY - DOMKI LETNISKOWE","isPartOf":{"@id":"http:\/\/lisiebagno.pl\/#website"},"datePublished":"2021-07-22T13:16:11+00:00","dateModified":"2022-01-31T17:27:52+00:00","breadcrumb":{"@id":"http:\/\/lisiebagno.pl\/?page_id=94#breadcrumb"},"inLanguage":"pl-PL","potentialAction":[{"@type":"ReadAction","target":["http:\/\/lisiebagno.pl\/?page_id=94"]}]},{"@type":"BreadcrumbList","@id":"http:\/\/lisiebagno.pl\/?page_id=94#breadcrumb","itemListElement":[{"@type":"ListItem","position":1,"name":"Home","item":"http:\/\/lisiebagno.pl\/"},{"@type":"ListItem","position":2,"name":"ATRAKCJE OKOLICY"}]},{"@type":"WebSite","@id":"http:\/\/lisiebagno.pl\/#website","url":"http:\/\/lisiebagno.pl\/","name":"DOMKI LETNISKOWE","description":",,Cz\u0142owiek, kt\u00f3ry potrafi rozmawia\u0107 z drzewem , nie potrzebuje psychiatry&quot; TEL : 604 754 189","publisher":{"@id":"http:\/\/lisiebagno.pl\/#organization"},"potentialAction":[{"@type":"SearchAction","target":{"@type":"EntryPoint","urlTemplate":"http:\/\/lisiebagno.pl\/?s={search_term_string}"},"query-input":"required name=search_term_string"}],"inLanguage":"pl-PL"},{"@type":"Organization","@id":"http:\/\/lisiebagno.pl\/#organization","name":"DOMKI LETNISKOWE","url":"http:\/\/lisiebagno.pl\/","logo":{"@type":"ImageObject","inLanguage":"pl-PL","@id":"http:\/\/lisiebagno.pl\/#\/schema\/logo\/image\/","url":"http:\/\/lisiebagno.pl\/wp-content\/uploads\/2021\/07\/cropped-LOGO-BAGNO.png","contentUrl":"http:\/\/lisiebagno.pl\/wp-content\/uploads\/2021\/07\/cropped-LOGO-BAGNO.png","width":250,"height":250,"caption":"DOMKI LETNISKOWE"},"image":{"@id":"http:\/\/lisiebagno.pl\/#\/schema\/logo\/image\/"}}]}},"_links":{"self":[{"href":"http:\/\/lisiebagno.pl\/index.php?rest_route=\/wp\/v2\/pages\/94","targetHints":{"allow":["GET"]}}],"collection":[{"href":"http:\/\/lisiebagno.pl\/index.php?rest_route=\/wp\/v2\/pages"}],"about":[{"href":"http:\/\/lisiebagno.pl\/index.php?rest_route=\/wp\/v2\/types\/page"}],"author":[{"embeddable":true,"href":"http:\/\/lisiebagno.pl\/index.php?rest_route=\/wp\/v2\/users\/1"}],"replies":[{"embeddable":true,"href":"http:\/\/lisiebagno.pl\/index.php?rest_route=%2Fwp%2Fv2%2Fcomments&post=94"}],"version-history":[{"count":4,"href":"http:\/\/lisiebagno.pl\/index.php?rest_route=\/wp\/v2\/pages\/94\/revisions"}],"predecessor-version":[{"id":430,"href":"http:\/\/lisiebagno.pl\/index.php?rest_route=\/wp\/v2\/pages\/94\/revisions\/430"}],"wp:featuredmedia":[{"embeddable":true,"href":"http:\/\/lisiebagno.pl\/index.php?rest_route=\/wp\/v2\/media\/158"}],"wp:attachment":[{"href":"http:\/\/lisiebagno.pl\/index.php?rest_route=%2Fwp%2Fv2%2Fmedia&parent=94"}],"curies":[{"name":"wp","href":"https:\/\/api.w.org\/{rel}","templated":true}]}}